{"id":40,"date":"2026-01-06T16:02:21","date_gmt":"2026-01-06T15:02:21","guid":{"rendered":"https:\/\/beautylasercenter.pl\/?page_id=40"},"modified":"2026-03-22T12:06:15","modified_gmt":"2026-03-22T11:06:15","slug":"elementor-40","status":"publish","type":"page","link":"http:\/\/beautylasercenter.pl\/","title":{"rendered":"Elementor #40"},"content":{"rendered":"\t\t<div data-elementor-type=\"wp-post\" data-elementor-id=\"40\" class=\"elementor elementor-40\">\n\t\t\t\t<div class=\"elementor-element elementor-element-91b9b21 e-con-full e-flex e-con e-parent\" data-id=\"91b9b21\" data-element_type=\"container\" data-settings=\"{&quot;background_background&quot;:&quot;classic&quot;}\">\n\t\t\t\t<div class=\"elementor-element elementor-element-61915f6 elementor-widget__width-inherit elementor-widget elementor-widget-image\" data-id=\"61915f6\" data-element_type=\"widget\" data-widget_type=\"image.default\">\n\t\t\t\t\t\t\t\t\t\t\t\t\t\t\t\t<a href=\"https:\/\/beautylasercenter.pl\/index.php\/zabiegi\/\">\n\t\t\t\t\t\t\t<img fetchpriority=\"high\" decoding=\"async\" width=\"1440\" height=\"961\" src=\"https:\/\/beautylasercenter.pl\/wp-content\/uploads\/2026\/01\/STRONA-BL-1-1.png\" class=\"attachment-2048x2048 size-2048x2048 wp-image-73\" alt=\"\" srcset=\"https:\/\/beautylasercenter.pl\/wp-content\/uploads\/2026\/01\/STRONA-BL-1-1.png 1440w, https:\/\/beautylasercenter.pl\/wp-content\/uploads\/2026\/01\/STRONA-BL-1-1-300x200.png 300w, https:\/\/beautylasercenter.pl\/wp-content\/uploads\/2026\/01\/STRONA-BL-1-1-1024x683.png 1024w, https:\/\/beautylasercenter.pl\/wp-content\/uploads\/2026\/01\/STRONA-BL-1-1-768x513.png 768w\" sizes=\"(max-width: 1440px) 100vw, 1440px\" \/>\t\t\t\t\t\t\t\t<\/a>\n\t\t\t\t\t\t\t\t\t\t\t\t\t\t\t<\/div>\n\t\t\t\t<\/div>\n\t\t<div class=\"elementor-element elementor-element-a1df0b9 e-grid e-con-full e-con e-parent\" data-id=\"a1df0b9\" data-element_type=\"container\">\n\t\t<div class=\"elementor-element elementor-element-43ca56f e-flex e-con-boxed e-con e-child\" data-id=\"43ca56f\" data-element_type=\"container\">\n\t\t\t\t\t<div class=\"e-con-inner\">\n\t\t\t\t<div class=\"elementor-element elementor-element-390a85b elementor-widget elementor-widget-image\" data-id=\"390a85b\" data-element_type=\"widget\" data-widget_type=\"image.default\">\n\t\t\t\t\t\t\t\t\t\t\t\t\t\t\t<img decoding=\"async\" width=\"800\" height=\"145\" src=\"https:\/\/beautylasercenter.pl\/wp-content\/uploads\/2026\/01\/logo-na-strone-opis-1024x185.png\" class=\"attachment-large size-large wp-image-180\" alt=\"\" srcset=\"https:\/\/beautylasercenter.pl\/wp-content\/uploads\/2026\/01\/logo-na-strone-opis-1024x185.png 1024w, https:\/\/beautylasercenter.pl\/wp-content\/uploads\/2026\/01\/logo-na-strone-opis-300x54.png 300w, https:\/\/beautylasercenter.pl\/wp-content\/uploads\/2026\/01\/logo-na-strone-opis-768x139.png 768w, https:\/\/beautylasercenter.pl\/wp-content\/uploads\/2026\/01\/logo-na-strone-opis-1536x277.png 1536w, https:\/\/beautylasercenter.pl\/wp-content\/uploads\/2026\/01\/logo-na-strone-opis-2048x369.png 2048w\" sizes=\"(max-width: 800px) 100vw, 800px\" \/>\t\t\t\t\t\t\t\t\t\t\t\t\t\t\t<\/div>\n\t\t\t\t<div class=\"elementor-element elementor-element-80741d4 elementor-widget elementor-widget-text-editor\" data-id=\"80741d4\" data-element_type=\"widget\" data-widget_type=\"text-editor.default\">\n\t\t\t\t\t\t\t\t\t<p style=\"text-align: center;\">Beauty &amp; Laser Center to nowoczesny gabinet kosmetologiczny i laseroterapii zlokalizowany w samym sercu Olsztyna.<\/p>\n<p>Oferujemy profesjonalne zabiegi piel\u0119gnacyjne i zaawansowane terapie laserowe, a naszym priorytetem jest indywidualne podej\u015bcie do ka\u017cdego klienta.<\/p>\n<p>U\u017cywanie nowoczesnego sprz\u0119tu pozwala nam mie\u0107 pewno\u015b\u0107 o wysokiej jako\u015bci oraz skuteczno\u015bci wykonywanych zabieg\u00f3w. Nowoczesne lasery kosmetyczne stosowane w Beauty &amp; Laser Center umo\u017cliwiaj\u0105 przeprowadzenie wielu skutecznych zabieg\u00f3w takich jak: trwa\u0142e usuni\u0119cie ow\u0142osienia, zmian sk\u00f3rnych, redukcj\u0119 przebarwie\u0144, wyg\u0142adzanie blizn oraz popraw\u0119 kondycji sk\u00f3ry.<\/p>\n<p>Podkre\u015blamy naturalne pi\u0119kno dbaj\u0105c o komfort i bezpiecze\u0144stwo.<\/p>\n<p>15 000 klient\u00f3w oraz 80 000 przeprowadzonych zabieg\u00f3w \u015bwiadcz\u0105 o naszym do\u015bwiadczeniu oraz wysokiej jako\u015bci us\u0142ug.<\/p>\t\t\t\t\t\t\t\t<\/div>\n\t\t\t\t\t<\/div>\n\t\t\t\t<\/div>\n\t\t\t\t<\/div>\n\t\t<div class=\"elementor-element elementor-element-3a52dca e-flex e-con-boxed e-con e-parent\" data-id=\"3a52dca\" data-element_type=\"container\">\n\t\t\t\t\t<div class=\"e-con-inner\">\n\t\t\t\t<div class=\"elementor-element elementor-element-82adc4b elementor-widget elementor-widget-heading\" data-id=\"82adc4b\" data-element_type=\"widget\" data-widget_type=\"heading.default\">\n\t\t\t\t\t<h2 class=\"elementor-heading-title elementor-size-default\">KONTAKT<\/h2>\t\t\t\t<\/div>\n\t\t\t\t\t<\/div>\n\t\t\t\t<\/div>\n\t\t<div class=\"elementor-element elementor-element-2d3d086 e-grid e-con-boxed e-con e-parent\" data-id=\"2d3d086\" data-element_type=\"container\">\n\t\t\t\t\t<div class=\"e-con-inner\">\n\t\t<div class=\"elementor-element elementor-element-1af907a e-flex e-con-boxed e-con e-child\" data-id=\"1af907a\" data-element_type=\"container\">\n\t\t\t\t\t<div class=\"e-con-inner\">\n\t\t\t\t<div class=\"elementor-element elementor-element-d8bb202 elementor-widget__width-auto elementor-widget elementor-widget-text-editor\" data-id=\"d8bb202\" data-element_type=\"widget\" data-widget_type=\"text-editor.default\">\n\t\t\t\t\t\t\t\t\t<p>Nasz gabinet znajduje si\u0119 przy ulicy Partyzant\u00f3w 79C w Olsztynie <br \/><br \/><br \/><\/p>\t\t\t\t\t\t\t\t<\/div>\n\t\t<div class=\"elementor-element elementor-element-48fcb0e e-grid e-con-full e-con e-child\" data-id=\"48fcb0e\" data-element_type=\"container\">\n\t\t\t\t<div class=\"elementor-element elementor-element-3d93f39 elementor-widget elementor-widget-image\" data-id=\"3d93f39\" data-element_type=\"widget\" data-widget_type=\"image.default\">\n\t\t\t\t\t\t\t\t\t\t\t\t\t\t\t<img decoding=\"async\" width=\"768\" height=\"768\" src=\"https:\/\/beautylasercenter.pl\/wp-content\/uploads\/2026\/01\/telefon-ikonka-768x768.png\" class=\"attachment-medium_large size-medium_large wp-image-382\" alt=\"\" srcset=\"https:\/\/beautylasercenter.pl\/wp-content\/uploads\/2026\/01\/telefon-ikonka-768x768.png 768w, https:\/\/beautylasercenter.pl\/wp-content\/uploads\/2026\/01\/telefon-ikonka-300x300.png 300w, https:\/\/beautylasercenter.pl\/wp-content\/uploads\/2026\/01\/telefon-ikonka-150x150.png 150w, https:\/\/beautylasercenter.pl\/wp-content\/uploads\/2026\/01\/telefon-ikonka.png 1024w\" sizes=\"(max-width: 768px) 100vw, 768px\" \/>\t\t\t\t\t\t\t\t\t\t\t\t\t\t\t<\/div>\n\t\t\t\t<div class=\"elementor-element elementor-element-ae92641 elementor-widget elementor-widget-text-editor\" data-id=\"ae92641\" data-element_type=\"widget\" data-widget_type=\"text-editor.default\">\n\t\t\t\t\t\t\t\t\t<p style=\"text-align: center;\"><a href=\"tel:+48501129378\">501 129 378<\/a><\/p>\t\t\t\t\t\t\t\t<\/div>\n\t\t\t\t<div class=\"elementor-element elementor-element-5200c1b elementor-widget elementor-widget-image\" data-id=\"5200c1b\" data-element_type=\"widget\" data-widget_type=\"image.default\">\n\t\t\t\t\t\t\t\t\t\t\t\t\t\t\t<img loading=\"lazy\" decoding=\"async\" width=\"768\" height=\"755\" src=\"https:\/\/beautylasercenter.pl\/wp-content\/uploads\/2026\/01\/facebook-zloty-768x755.jpg\" class=\"attachment-medium_large size-medium_large wp-image-167\" alt=\"\" srcset=\"https:\/\/beautylasercenter.pl\/wp-content\/uploads\/2026\/01\/facebook-zloty-768x755.jpg 768w, https:\/\/beautylasercenter.pl\/wp-content\/uploads\/2026\/01\/facebook-zloty-300x295.jpg 300w, https:\/\/beautylasercenter.pl\/wp-content\/uploads\/2026\/01\/facebook-zloty-1024x1007.jpg 1024w, https:\/\/beautylasercenter.pl\/wp-content\/uploads\/2026\/01\/facebook-zloty-1536x1510.jpg 1536w, https:\/\/beautylasercenter.pl\/wp-content\/uploads\/2026\/01\/facebook-zloty.jpg 2043w\" sizes=\"(max-width: 768px) 100vw, 768px\" \/>\t\t\t\t\t\t\t\t\t\t\t\t\t\t\t<\/div>\n\t\t\t\t<div class=\"elementor-element elementor-element-9246680 elementor-widget elementor-widget-text-editor\" data-id=\"9246680\" data-element_type=\"widget\" data-widget_type=\"text-editor.default\">\n\t\t\t\t\t\t\t\t\t<p style=\"text-align: center;\"><a href=\"https:\/\/www.facebook.com\/klinikaolsztyn\/?locale=pl_PL\">Facebook<\/a><\/p>\t\t\t\t\t\t\t\t<\/div>\n\t\t\t\t<div class=\"elementor-element elementor-element-0b6a898 elementor-widget elementor-widget-image\" data-id=\"0b6a898\" data-element_type=\"widget\" data-widget_type=\"image.default\">\n\t\t\t\t\t\t\t\t\t\t\t\t\t\t\t<img loading=\"lazy\" decoding=\"async\" width=\"768\" height=\"745\" src=\"https:\/\/beautylasercenter.pl\/wp-content\/uploads\/2026\/01\/insta-zloty-768x745.jpg\" class=\"attachment-medium_large size-medium_large wp-image-168\" alt=\"\" srcset=\"https:\/\/beautylasercenter.pl\/wp-content\/uploads\/2026\/01\/insta-zloty-768x745.jpg 768w, https:\/\/beautylasercenter.pl\/wp-content\/uploads\/2026\/01\/insta-zloty-300x291.jpg 300w, https:\/\/beautylasercenter.pl\/wp-content\/uploads\/2026\/01\/insta-zloty-1024x994.jpg 1024w, https:\/\/beautylasercenter.pl\/wp-content\/uploads\/2026\/01\/insta-zloty-1536x1490.jpg 1536w, https:\/\/beautylasercenter.pl\/wp-content\/uploads\/2026\/01\/insta-zloty.jpg 2022w\" sizes=\"(max-width: 768px) 100vw, 768px\" \/>\t\t\t\t\t\t\t\t\t\t\t\t\t\t\t<\/div>\n\t\t\t\t<div class=\"elementor-element elementor-element-711f6da elementor-widget elementor-widget-text-editor\" data-id=\"711f6da\" data-element_type=\"widget\" data-widget_type=\"text-editor.default\">\n\t\t\t\t\t\t\t\t\t<p style=\"text-align: center;\">Instagram<\/p>\t\t\t\t\t\t\t\t<\/div>\n\t\t\t\t<\/div>\n\t\t\t\t\t<\/div>\n\t\t\t\t<\/div>\n\t\t\t\t<div class=\"elementor-element elementor-element-d2362d6 elementor-widget elementor-widget-image\" data-id=\"d2362d6\" data-element_type=\"widget\" data-widget_type=\"image.default\">\n\t\t\t\t\t\t\t\t\t\t\t\t\t\t\t<img loading=\"lazy\" decoding=\"async\" width=\"1080\" height=\"918\" src=\"https:\/\/beautylasercenter.pl\/wp-content\/uploads\/2026\/01\/604729180_1310122324465267_3825348027865766551_n.jpg\" class=\"attachment-full size-full wp-image-172\" alt=\"\" srcset=\"https:\/\/beautylasercenter.pl\/wp-content\/uploads\/2026\/01\/604729180_1310122324465267_3825348027865766551_n.jpg 1080w, https:\/\/beautylasercenter.pl\/wp-content\/uploads\/2026\/01\/604729180_1310122324465267_3825348027865766551_n-300x255.jpg 300w, https:\/\/beautylasercenter.pl\/wp-content\/uploads\/2026\/01\/604729180_1310122324465267_3825348027865766551_n-1024x870.jpg 1024w, https:\/\/beautylasercenter.pl\/wp-content\/uploads\/2026\/01\/604729180_1310122324465267_3825348027865766551_n-768x653.jpg 768w\" sizes=\"(max-width: 1080px) 100vw, 1080px\" \/>\t\t\t\t\t\t\t\t\t\t\t\t\t\t\t<\/div>\n\t\t\t\t\t<\/div>\n\t\t\t\t<\/div>\n\t\t<div class=\"elementor-element elementor-element-611eb9e e-flex e-con-boxed e-con e-parent\" data-id=\"611eb9e\" data-element_type=\"container\">\n\t\t\t\t\t<div class=\"e-con-inner\">\n\t\t\t\t<div class=\"elementor-element elementor-element-a5e3c37 elementor-widget elementor-widget-google_maps\" data-id=\"a5e3c37\" data-element_type=\"widget\" data-widget_type=\"google_maps.default\">\n\t\t\t\t\t\t\t<div class=\"elementor-custom-embed\">\n\t\t\t<iframe loading=\"lazy\"\n\t\t\t\t\tsrc=\"https:\/\/maps.google.com\/maps?q=Partyzant%C3%B3w%2079C%20Olsztyn&#038;t=m&#038;z=15&#038;output=embed&#038;iwloc=near\"\n\t\t\t\t\ttitle=\"Partyzant\u00f3w 79C Olsztyn\"\n\t\t\t\t\taria-label=\"Partyzant\u00f3w 79C Olsztyn\"\n\t\t\t><\/iframe>\n\t\t<\/div>\n\t\t\t\t\t\t<\/div>\n\t\t\t\t\t<\/div>\n\t\t\t\t<\/div>\n\t\t\t\t<\/div>\n\t\t","protected":false},"excerpt":{"rendered":"<p>Beauty &amp; Laser Center to nowoczesny gabinet kosmetologiczny i laseroterapii zlokalizowany w samym sercu Olsztyna. Oferujemy profesjonalne zabiegi piel\u0119gnacyjne i zaawansowane terapie laserowe, a naszym priorytetem jest indywidualne podej\u015bcie do ka\u017cdego klienta. U\u017cywanie nowoczesnego sprz\u0119tu pozwala nam mie\u0107 pewno\u015b\u0107 o wysokiej jako\u015bci oraz skuteczno\u015bci wykonywanych zabieg\u00f3w. Nowoczesne lasery kosmetyczne stosowane w Beauty &amp; Laser Center [&hellip;]<\/p>\n","protected":false},"author":1,"featured_media":0,"parent":0,"menu_order":0,"comment_status":"closed","ping_status":"closed","template":"","meta":{"footnotes":""},"class_list":["post-40","page","type-page","status-publish","hentry"],"_links":{"self":[{"href":"http:\/\/beautylasercenter.pl\/index.php\/wp-json\/wp\/v2\/pages\/40","targetHints":{"allow":["GET"]}}],"collection":[{"href":"http:\/\/beautylasercenter.pl\/index.php\/wp-json\/wp\/v2\/pages"}],"about":[{"href":"http:\/\/beautylasercenter.pl\/index.php\/wp-json\/wp\/v2\/types\/page"}],"author":[{"embeddable":true,"href":"http:\/\/beautylasercenter.pl\/index.php\/wp-json\/wp\/v2\/users\/1"}],"replies":[{"embeddable":true,"href":"http:\/\/beautylasercenter.pl\/index.php\/wp-json\/wp\/v2\/comments?post=40"}],"version-history":[{"count":124,"href":"http:\/\/beautylasercenter.pl\/index.php\/wp-json\/wp\/v2\/pages\/40\/revisions"}],"predecessor-version":[{"id":689,"href":"http:\/\/beautylasercenter.pl\/index.php\/wp-json\/wp\/v2\/pages\/40\/revisions\/689"}],"wp:attachment":[{"href":"http:\/\/beautylasercenter.pl\/index.php\/wp-json\/wp\/v2\/media?parent=40"}],"curies":[{"name":"wp","href":"https:\/\/api.w.org\/{rel}","templated":true}]}}