{"id":51,"date":"2026-01-06T15:48:13","date_gmt":"2026-01-06T14:48:13","guid":{"rendered":"https:\/\/beautylasercenter.pl\/?page_id=51"},"modified":"2026-01-20T17:13:00","modified_gmt":"2026-01-20T16:13:00","slug":"zabiegi","status":"publish","type":"page","link":"https:\/\/beautylasercenter.pl\/index.php\/zabiegi\/","title":{"rendered":"ZABIEGI"},"content":{"rendered":"\t\t<div data-elementor-type=\"wp-page\" data-elementor-id=\"51\" class=\"elementor elementor-51\">\n\t\t\t\t<div class=\"elementor-element elementor-element-ce8a300 e-flex e-con-boxed e-con e-parent\" data-id=\"ce8a300\" data-element_type=\"container\">\n\t\t\t\t\t<div class=\"e-con-inner\">\n\t\t\t\t<div class=\"elementor-element elementor-element-9282a17 elementor-widget elementor-widget-heading\" data-id=\"9282a17\" data-element_type=\"widget\" data-widget_type=\"heading.default\">\n\t\t\t\t\t<h2 class=\"elementor-heading-title elementor-size-default\">ZAKRES US\u0141UG<\/h2>\t\t\t\t<\/div>\n\t\t\t\t\t<\/div>\n\t\t\t\t<\/div>\n\t\t<div class=\"elementor-element elementor-element-aa59f85 e-flex e-con-boxed e-con e-parent\" data-id=\"aa59f85\" data-element_type=\"container\">\n\t\t\t\t\t<div class=\"e-con-inner\">\n\t\t\t\t<div class=\"elementor-element elementor-element-86a9c83 elementor-widget elementor-widget-image\" data-id=\"86a9c83\" data-element_type=\"widget\" data-widget_type=\"image.default\">\n\t\t\t\t\t\t\t\t\t\t\t\t\t\t\t<img fetchpriority=\"high\" decoding=\"async\" width=\"683\" height=\"1024\" src=\"https:\/\/beautylasercenter.pl\/wp-content\/uploads\/2026\/01\/logo-na-naglowek-strony-683x1024.png\" class=\"attachment-large size-large wp-image-47\" alt=\"\" srcset=\"https:\/\/beautylasercenter.pl\/wp-content\/uploads\/2026\/01\/logo-na-naglowek-strony-683x1024.png 683w, https:\/\/beautylasercenter.pl\/wp-content\/uploads\/2026\/01\/logo-na-naglowek-strony-200x300.png 200w, https:\/\/beautylasercenter.pl\/wp-content\/uploads\/2026\/01\/logo-na-naglowek-strony-768x1152.png 768w, https:\/\/beautylasercenter.pl\/wp-content\/uploads\/2026\/01\/logo-na-naglowek-strony.png 1024w\" sizes=\"(max-width: 683px) 100vw, 683px\" \/>\t\t\t\t\t\t\t\t\t\t\t\t\t\t\t<\/div>\n\t\t\t\t\t<\/div>\n\t\t\t\t<\/div>\n\t\t<div class=\"elementor-element elementor-element-c2630a7 e-flex e-con-boxed e-con e-parent\" data-id=\"c2630a7\" data-element_type=\"container\">\n\t\t\t\t\t<div class=\"e-con-inner\">\n\t\t\t\t<div class=\"elementor-element elementor-element-5b5a8aa elementor-widget elementor-widget-text-editor\" data-id=\"5b5a8aa\" data-element_type=\"widget\" data-widget_type=\"text-editor.default\">\n\t\t\t\t\t\t\t\t\t<p style=\"text-align: center;\"><strong>Laseroterapia<\/strong><\/p><p style=\"text-align: center;\"><a href=\"https:\/\/beautylasercenter.pl\/index.php\/depilacja-laserowa\/\">Depilacja laserowa laserem aleksandrytowym<\/a><br \/>Laser frakcyjny<br \/>Laser frakcyjny CO2<br \/>Laser frakcyjny erbowo yagowy<br \/>Fala radiowa RF- 448 Khz<br \/>IPL solari- zamykanie naczynek<\/p>\t\t\t\t\t\t\t\t<\/div>\n\t\t\t\t\t<\/div>\n\t\t\t\t<\/div>\n\t\t<div class=\"elementor-element elementor-element-486c4d2 e-flex e-con-boxed e-con e-parent\" data-id=\"486c4d2\" data-element_type=\"container\">\n\t\t\t\t\t<div class=\"e-con-inner\">\n\t\t\t\t<div class=\"elementor-element elementor-element-d0434d4 elementor-widget elementor-widget-image\" data-id=\"d0434d4\" data-element_type=\"widget\" data-widget_type=\"image.default\">\n\t\t\t\t\t\t\t\t\t\t\t\t\t\t\t<img fetchpriority=\"high\" decoding=\"async\" width=\"683\" height=\"1024\" src=\"https:\/\/beautylasercenter.pl\/wp-content\/uploads\/2026\/01\/logo-na-naglowek-strony-683x1024.png\" class=\"attachment-large size-large wp-image-47\" alt=\"\" srcset=\"https:\/\/beautylasercenter.pl\/wp-content\/uploads\/2026\/01\/logo-na-naglowek-strony-683x1024.png 683w, https:\/\/beautylasercenter.pl\/wp-content\/uploads\/2026\/01\/logo-na-naglowek-strony-200x300.png 200w, https:\/\/beautylasercenter.pl\/wp-content\/uploads\/2026\/01\/logo-na-naglowek-strony-768x1152.png 768w, https:\/\/beautylasercenter.pl\/wp-content\/uploads\/2026\/01\/logo-na-naglowek-strony.png 1024w\" sizes=\"(max-width: 683px) 100vw, 683px\" \/>\t\t\t\t\t\t\t\t\t\t\t\t\t\t\t<\/div>\n\t\t\t\t\t<\/div>\n\t\t\t\t<\/div>\n\t\t<div class=\"elementor-element elementor-element-367b7a4 e-con-full e-flex e-con e-parent\" data-id=\"367b7a4\" data-element_type=\"container\">\n\t\t\t\t<div class=\"elementor-element elementor-element-b9070d3 elementor-widget elementor-widget-text-editor\" data-id=\"b9070d3\" data-element_type=\"widget\" data-widget_type=\"text-editor.default\">\n\t\t\t\t\t\t\t\t\t<p style=\"text-align: center;\"><strong>Kosmetologia<\/strong><\/p><p style=\"text-align: center;\">Bloomea- resurfacing sk\u00f3ry<br \/>Geneo- zabieg bankietowy<br \/>Oczyszczanie wodorowe<br \/>Aerograf- wt\u0142aczanie substancji od\u017cywczych do skr\u00f3ry<br \/>Zabiegi liftinguj\u0105ce, odm\u0142adzaj\u0105ce<br \/>Kwasy<\/p><p style=\"text-align: center;\">\u00a0<\/p>\t\t\t\t\t\t\t\t<\/div>\n\t\t\t\t<\/div>\n\t\t<div class=\"elementor-element elementor-element-cd6b498 e-flex e-con-boxed e-con e-parent\" data-id=\"cd6b498\" data-element_type=\"container\">\n\t\t\t\t\t<div class=\"e-con-inner\">\n\t\t\t\t<div class=\"elementor-element elementor-element-4dd169d elementor-widget elementor-widget-image\" data-id=\"4dd169d\" data-element_type=\"widget\" data-widget_type=\"image.default\">\n\t\t\t\t\t\t\t\t\t\t\t\t\t\t\t<img fetchpriority=\"high\" decoding=\"async\" width=\"683\" height=\"1024\" src=\"https:\/\/beautylasercenter.pl\/wp-content\/uploads\/2026\/01\/logo-na-naglowek-strony-683x1024.png\" class=\"attachment-large size-large wp-image-47\" alt=\"\" srcset=\"https:\/\/beautylasercenter.pl\/wp-content\/uploads\/2026\/01\/logo-na-naglowek-strony-683x1024.png 683w, https:\/\/beautylasercenter.pl\/wp-content\/uploads\/2026\/01\/logo-na-naglowek-strony-200x300.png 200w, https:\/\/beautylasercenter.pl\/wp-content\/uploads\/2026\/01\/logo-na-naglowek-strony-768x1152.png 768w, https:\/\/beautylasercenter.pl\/wp-content\/uploads\/2026\/01\/logo-na-naglowek-strony.png 1024w\" sizes=\"(max-width: 683px) 100vw, 683px\" \/>\t\t\t\t\t\t\t\t\t\t\t\t\t\t\t<\/div>\n\t\t\t\t\t<\/div>\n\t\t\t\t<\/div>\n\t\t<div class=\"elementor-element elementor-element-6ac4cf4 e-flex e-con-boxed e-con e-parent\" data-id=\"6ac4cf4\" data-element_type=\"container\">\n\t\t\t\t\t<div class=\"e-con-inner\">\n\t\t\t\t<div class=\"elementor-element elementor-element-178551a elementor-widget elementor-widget-text-editor\" data-id=\"178551a\" data-element_type=\"widget\" data-widget_type=\"text-editor.default\">\n\t\t\t\t\t\t\t\t\t<p style=\"text-align: center;\"><strong>Zabiegi estetyczne<\/strong><\/p><p style=\"text-align: center;\">Kwas hialuronowy<br \/>Stymulatory tkankowe<br \/>Mezoterapia ig\u0142owa<br \/>Mezoterapia mikroig\u0142owa<\/p><p style=\"text-align: center;\">Dermapen<br \/>Powi\u0119kszanie ust <br \/>Lipoliza iniekcyjna<br \/>Botoks<\/p>\t\t\t\t\t\t\t\t<\/div>\n\t\t\t\t\t<\/div>\n\t\t\t\t<\/div>\n\t\t<div class=\"elementor-element elementor-element-f88c32a e-flex e-con-boxed e-con e-parent\" data-id=\"f88c32a\" data-element_type=\"container\">\n\t\t\t\t\t<div class=\"e-con-inner\">\n\t\t\t\t<div class=\"elementor-element elementor-element-5e234d3 elementor-widget elementor-widget-image\" data-id=\"5e234d3\" data-element_type=\"widget\" data-widget_type=\"image.default\">\n\t\t\t\t\t\t\t\t\t\t\t\t\t\t\t<img fetchpriority=\"high\" decoding=\"async\" width=\"683\" height=\"1024\" src=\"https:\/\/beautylasercenter.pl\/wp-content\/uploads\/2026\/01\/logo-na-naglowek-strony-683x1024.png\" class=\"attachment-large size-large wp-image-47\" alt=\"\" srcset=\"https:\/\/beautylasercenter.pl\/wp-content\/uploads\/2026\/01\/logo-na-naglowek-strony-683x1024.png 683w, https:\/\/beautylasercenter.pl\/wp-content\/uploads\/2026\/01\/logo-na-naglowek-strony-200x300.png 200w, https:\/\/beautylasercenter.pl\/wp-content\/uploads\/2026\/01\/logo-na-naglowek-strony-768x1152.png 768w, https:\/\/beautylasercenter.pl\/wp-content\/uploads\/2026\/01\/logo-na-naglowek-strony.png 1024w\" sizes=\"(max-width: 683px) 100vw, 683px\" \/>\t\t\t\t\t\t\t\t\t\t\t\t\t\t\t<\/div>\n\t\t\t\t\t<\/div>\n\t\t\t\t<\/div>\n\t\t<div class=\"elementor-element elementor-element-51bc667 e-flex e-con-boxed e-con e-parent\" data-id=\"51bc667\" data-element_type=\"container\">\n\t\t\t\t\t<div class=\"e-con-inner\">\n\t\t\t\t<div class=\"elementor-element elementor-element-9958f19 elementor-widget elementor-widget-text-editor\" data-id=\"9958f19\" data-element_type=\"widget\" data-widget_type=\"text-editor.default\">\n\t\t\t\t\t\t\t\t\t<p style=\"text-align: center;\"><strong>Kosmetyka<\/strong><br \/><br \/>Peeling kawitacyjny<br \/>Sonoforeza<br \/>Henna i regulacja brwi<\/p>\t\t\t\t\t\t\t\t<\/div>\n\t\t\t\t\t<\/div>\n\t\t\t\t<\/div>\n\t\t<div class=\"elementor-element elementor-element-59cac01 e-flex e-con-boxed e-con e-parent\" data-id=\"59cac01\" data-element_type=\"container\">\n\t\t\t\t\t<div class=\"e-con-inner\">\n\t\t\t\t<div class=\"elementor-element elementor-element-7744ce0 elementor-widget elementor-widget-image\" data-id=\"7744ce0\" data-element_type=\"widget\" data-widget_type=\"image.default\">\n\t\t\t\t\t\t\t\t\t\t\t\t\t\t\t<img fetchpriority=\"high\" decoding=\"async\" width=\"683\" height=\"1024\" src=\"https:\/\/beautylasercenter.pl\/wp-content\/uploads\/2026\/01\/logo-na-naglowek-strony-683x1024.png\" class=\"attachment-large size-large wp-image-47\" alt=\"\" srcset=\"https:\/\/beautylasercenter.pl\/wp-content\/uploads\/2026\/01\/logo-na-naglowek-strony-683x1024.png 683w, https:\/\/beautylasercenter.pl\/wp-content\/uploads\/2026\/01\/logo-na-naglowek-strony-200x300.png 200w, https:\/\/beautylasercenter.pl\/wp-content\/uploads\/2026\/01\/logo-na-naglowek-strony-768x1152.png 768w, https:\/\/beautylasercenter.pl\/wp-content\/uploads\/2026\/01\/logo-na-naglowek-strony.png 1024w\" sizes=\"(max-width: 683px) 100vw, 683px\" \/>\t\t\t\t\t\t\t\t\t\t\t\t\t\t\t<\/div>\n\t\t\t\t\t<\/div>\n\t\t\t\t<\/div>\n\t\t<div class=\"elementor-element elementor-element-41e45b4 e-flex e-con-boxed e-con e-parent\" data-id=\"41e45b4\" data-element_type=\"container\">\n\t\t\t\t\t<div class=\"e-con-inner\">\n\t\t\t\t<div class=\"elementor-element elementor-element-105d2e6 elementor-widget elementor-widget-text-editor\" data-id=\"105d2e6\" data-element_type=\"widget\" data-widget_type=\"text-editor.default\">\n\t\t\t\t\t\t\t\t\t<p style=\"text-align: center;\"><strong>Dermatologia<\/strong><br \/><br \/>Usuwanie kurzajek, w\u0142\u00f3kniak\u00f3w, znamion<br \/>Leczenie tr\u0105dziku<\/p>\t\t\t\t\t\t\t\t<\/div>\n\t\t\t\t\t<\/div>\n\t\t\t\t<\/div>\n\t\t\t\t<\/div>\n\t\t","protected":false},"excerpt":{"rendered":"<p>ZAKRES US\u0141UG Laseroterapia Depilacja laserowa laserem aleksandrytowymLaser frakcyjnyLaser frakcyjny CO2Laser frakcyjny erbowo yagowyFala radiowa RF- 448 KhzIPL solari- zamykanie naczynek Kosmetologia Bloomea- resurfacing sk\u00f3ryGeneo- zabieg bankietowyOczyszczanie wodoroweAerograf- wt\u0142aczanie substancji od\u017cywczych do skr\u00f3ryZabiegi liftinguj\u0105ce, odm\u0142adzaj\u0105ceKwasy \u00a0 Zabiegi estetyczne Kwas hialuronowyStymulatory tkankoweMezoterapia ig\u0142owaMezoterapia mikroig\u0142owa DermapenPowi\u0119kszanie ust Lipoliza iniekcyjnaBotoks Kosmetyka Peeling kawitacyjnySonoforezaHenna i regulacja brwi Dermatologia Usuwanie kurzajek, [&hellip;]<\/p>\n","protected":false},"author":1,"featured_media":0,"parent":0,"menu_order":0,"comment_status":"closed","ping_status":"closed","template":"","meta":{"footnotes":""},"class_list":["post-51","page","type-page","status-publish","hentry"],"_links":{"self":[{"href":"https:\/\/beautylasercenter.pl\/index.php\/wp-json\/wp\/v2\/pages\/51","targetHints":{"allow":["GET"]}}],"collection":[{"href":"https:\/\/beautylasercenter.pl\/index.php\/wp-json\/wp\/v2\/pages"}],"about":[{"href":"https:\/\/beautylasercenter.pl\/index.php\/wp-json\/wp\/v2\/types\/page"}],"author":[{"embeddable":true,"href":"https:\/\/beautylasercenter.pl\/index.php\/wp-json\/wp\/v2\/users\/1"}],"replies":[{"embeddable":true,"href":"https:\/\/beautylasercenter.pl\/index.php\/wp-json\/wp\/v2\/comments?post=51"}],"version-history":[{"count":34,"href":"https:\/\/beautylasercenter.pl\/index.php\/wp-json\/wp\/v2\/pages\/51\/revisions"}],"predecessor-version":[{"id":463,"href":"https:\/\/beautylasercenter.pl\/index.php\/wp-json\/wp\/v2\/pages\/51\/revisions\/463"}],"wp:attachment":[{"href":"https:\/\/beautylasercenter.pl\/index.php\/wp-json\/wp\/v2\/media?parent=51"}],"curies":[{"name":"wp","href":"https:\/\/api.w.org\/{rel}","templated":true}]}}