{"id":57,"date":"2026-01-06T15:49:54","date_gmt":"2026-01-06T14:49:54","guid":{"rendered":"https:\/\/beautylasercenter.pl\/?page_id=57"},"modified":"2026-02-13T16:44:08","modified_gmt":"2026-02-13T15:44:08","slug":"voucher","status":"publish","type":"page","link":"https:\/\/beautylasercenter.pl\/index.php\/voucher\/","title":{"rendered":"VOUCHER"},"content":{"rendered":"\t\t<div data-elementor-type=\"wp-page\" data-elementor-id=\"57\" class=\"elementor elementor-57\">\n\t\t\t\t<div class=\"elementor-element elementor-element-a3678ef e-flex e-con-boxed e-con e-parent\" data-id=\"a3678ef\" data-element_type=\"container\">\n\t\t\t\t\t<div class=\"e-con-inner\">\n\t\t\t\t<div class=\"elementor-element elementor-element-6eb3f97 elementor-widget elementor-widget-heading\" data-id=\"6eb3f97\" data-element_type=\"widget\" data-widget_type=\"heading.default\">\n\t\t\t\t\t<h2 class=\"elementor-heading-title elementor-size-default\">Szukasz idealnego prezentu?<\/h2>\t\t\t\t<\/div>\n\t\t\t\t<div class=\"elementor-element elementor-element-ce50158 elementor-widget elementor-widget-spacer\" data-id=\"ce50158\" data-element_type=\"widget\" data-widget_type=\"spacer.default\">\n\t\t\t\t\t\t\t<div class=\"elementor-spacer\">\n\t\t\t<div class=\"elementor-spacer-inner\"><\/div>\n\t\t<\/div>\n\t\t\t\t\t\t<\/div>\n\t\t\t\t\t<\/div>\n\t\t\t\t<\/div>\n\t\t<div class=\"elementor-element elementor-element-f49b538 e-flex e-con-boxed e-con e-parent\" data-id=\"f49b538\" data-element_type=\"container\">\n\t\t\t\t\t<div class=\"e-con-inner\">\n\t\t\t\t<div class=\"elementor-element elementor-element-3b144e5 elementor-widget elementor-widget-text-editor\" data-id=\"3b144e5\" data-element_type=\"widget\" data-widget_type=\"text-editor.default\">\n\t\t\t\t\t\t\t\t\t<p style=\"text-align: center;\">U nas mo\u017cesz zakupi\u0107 voucher podarunkowy na wybrane zabiegi beauty lub na dowoln\u0105 kwot\u0119.\u00a0<\/p><p style=\"text-align: center;\">To doskona\u0142y pomys\u0142, by podarowa\u0107 bliskiej osobie chwil\u0119 relaksu, pi\u0119kna i profesjonalnej piel\u0119gnacji. Voucher jest elegancki, uniwersalny i zawsze trafiony!<\/p>\t\t\t\t\t\t\t\t<\/div>\n\t\t\t\t\t<\/div>\n\t\t\t\t<\/div>\n\t\t<div class=\"elementor-element elementor-element-ee5adfa e-flex e-con-boxed e-con e-parent\" data-id=\"ee5adfa\" data-element_type=\"container\">\n\t\t\t\t\t<div class=\"e-con-inner\">\n\t\t\t\t<div class=\"elementor-element elementor-element-681d377 elementor-widget elementor-widget-image\" data-id=\"681d377\" data-element_type=\"widget\" data-widget_type=\"image.default\">\n\t\t\t\t\t\t\t\t\t\t\t\t\t\t\t<img fetchpriority=\"high\" decoding=\"async\" width=\"768\" height=\"367\" src=\"https:\/\/beautylasercenter.pl\/wp-content\/uploads\/2026\/01\/Gemini_Generated_Image_rae7errae7errae7-768x367.png\" class=\"attachment-medium_large size-medium_large wp-image-397\" alt=\"\" srcset=\"https:\/\/beautylasercenter.pl\/wp-content\/uploads\/2026\/01\/Gemini_Generated_Image_rae7errae7errae7-768x367.png 768w, https:\/\/beautylasercenter.pl\/wp-content\/uploads\/2026\/01\/Gemini_Generated_Image_rae7errae7errae7-300x143.png 300w, https:\/\/beautylasercenter.pl\/wp-content\/uploads\/2026\/01\/Gemini_Generated_Image_rae7errae7errae7-1024x490.png 1024w, https:\/\/beautylasercenter.pl\/wp-content\/uploads\/2026\/01\/Gemini_Generated_Image_rae7errae7errae7.png 1472w\" sizes=\"(max-width: 768px) 100vw, 768px\" \/>\t\t\t\t\t\t\t\t\t\t\t\t\t\t\t<\/div>\n\t\t\t\t\t<\/div>\n\t\t\t\t<\/div>\n\t\t<div class=\"elementor-element elementor-element-9ed32a0 e-flex e-con-boxed e-con e-parent\" data-id=\"9ed32a0\" data-element_type=\"container\">\n\t\t\t\t\t<div class=\"e-con-inner\">\n\t\t\t\t\t<\/div>\n\t\t\t\t<\/div>\n\t\t<div class=\"elementor-element elementor-element-702830e e-flex e-con-boxed e-con e-parent\" data-id=\"702830e\" data-element_type=\"container\">\n\t\t\t\t\t<div class=\"e-con-inner\">\n\t\t\t\t<div class=\"elementor-element elementor-element-fa40a30 elementor-widget elementor-widget-text-editor\" data-id=\"fa40a30\" data-element_type=\"widget\" data-widget_type=\"text-editor.default\">\n\t\t\t\t\t\t\t\t\t<p style=\"text-align: center;\">Vouchery sprawdz\u0105 si\u0119 na ka\u017cd\u0105 okazj\u0119 &#8211; urodziny, \u015bwi\u0119ta, rocznic\u0119 czy jako mi\u0142y gest bez okazji.<\/p><p style=\"text-align: center;\">\u00a0Ch\u0119tnie pomo\u017cemy w wyborze odpowiedniego zabiegu, dopasowanego do potrzeb i oczekiwa\u0144 obdarowanej osoby.\u00a0<\/p><p style=\"text-align: center;\">Oferujemy szerok\u0105 gam\u0119 zabieg\u00f3w beauty, dzi\u0119ki czemu ka\u017cdy znajdzie co\u015b idealnego dla siebie.<\/p>\t\t\t\t\t\t\t\t<\/div>\n\t\t\t\t\t<\/div>\n\t\t\t\t<\/div>\n\t\t\t\t<\/div>\n\t\t","protected":false},"excerpt":{"rendered":"<p>Szukasz idealnego prezentu? U nas mo\u017cesz zakupi\u0107 voucher podarunkowy na wybrane zabiegi beauty lub na dowoln\u0105 kwot\u0119.\u00a0 To doskona\u0142y pomys\u0142, by podarowa\u0107 bliskiej osobie chwil\u0119 relaksu, pi\u0119kna i profesjonalnej piel\u0119gnacji. Voucher jest elegancki, uniwersalny i zawsze trafiony! Vouchery sprawdz\u0105 si\u0119 na ka\u017cd\u0105 okazj\u0119 &#8211; urodziny, \u015bwi\u0119ta, rocznic\u0119 czy jako mi\u0142y gest bez okazji. \u00a0Ch\u0119tnie pomo\u017cemy [&hellip;]<\/p>\n","protected":false},"author":1,"featured_media":0,"parent":0,"menu_order":0,"comment_status":"closed","ping_status":"closed","template":"","meta":{"footnotes":""},"class_list":["post-57","page","type-page","status-publish","hentry"],"_links":{"self":[{"href":"https:\/\/beautylasercenter.pl\/index.php\/wp-json\/wp\/v2\/pages\/57","targetHints":{"allow":["GET"]}}],"collection":[{"href":"https:\/\/beautylasercenter.pl\/index.php\/wp-json\/wp\/v2\/pages"}],"about":[{"href":"https:\/\/beautylasercenter.pl\/index.php\/wp-json\/wp\/v2\/types\/page"}],"author":[{"embeddable":true,"href":"https:\/\/beautylasercenter.pl\/index.php\/wp-json\/wp\/v2\/users\/1"}],"replies":[{"embeddable":true,"href":"https:\/\/beautylasercenter.pl\/index.php\/wp-json\/wp\/v2\/comments?post=57"}],"version-history":[{"count":91,"href":"https:\/\/beautylasercenter.pl\/index.php\/wp-json\/wp\/v2\/pages\/57\/revisions"}],"predecessor-version":[{"id":604,"href":"https:\/\/beautylasercenter.pl\/index.php\/wp-json\/wp\/v2\/pages\/57\/revisions\/604"}],"wp:attachment":[{"href":"https:\/\/beautylasercenter.pl\/index.php\/wp-json\/wp\/v2\/media?parent=57"}],"curies":[{"name":"wp","href":"https:\/\/api.w.org\/{rel}","templated":true}]}}